{"id":3067,"date":"2026-02-26T15:03:02","date_gmt":"2026-02-26T15:03:02","guid":{"rendered":"https:\/\/diegofmaya.com\/?page_id=3067"},"modified":"2026-02-26T16:12:57","modified_gmt":"2026-02-26T16:12:57","slug":"digital-bridge-program","status":"publish","type":"page","link":"https:\/\/diegofmaya.com\/es\/digital-bridge-program\/","title":{"rendered":"Digital Bridge Program"},"content":{"rendered":"<div data-elementor-type=\"wp-page\" data-elementor-id=\"3067\" class=\"elementor elementor-3067\" data-elementor-post-type=\"page\">\n\t\t\t\t<div class=\"elementor-element elementor-element-7df6457e e-con-full e-flex e-con e-parent\" data-id=\"7df6457e\" data-element_type=\"container\" data-e-type=\"container\" data-settings=\"{&quot;background_background&quot;:&quot;classic&quot;}\">\n\t\t<div class=\"elementor-element elementor-element-645ca8fd e-grid e-con-boxed e-con e-child\" data-id=\"645ca8fd\" data-element_type=\"container\" data-e-type=\"container\">\n\t\t\t\t\t<div class=\"e-con-inner\">\n\t\t<div class=\"elementor-element elementor-element-16f1bde1 e-con-full e-flex e-con e-child\" data-id=\"16f1bde1\" data-element_type=\"container\" data-e-type=\"container\">\n\t\t\t\t<div class=\"elementor-element elementor-element-5d40e4f9 elementor-widget elementor-widget-spacer\" data-id=\"5d40e4f9\" data-element_type=\"widget\" data-e-type=\"widget\" data-widget_type=\"spacer.default\">\n\t\t\t\t<div class=\"elementor-widget-container\">\n\t\t\t\t\t\t\t<div class=\"elementor-spacer\">\n\t\t\t<div class=\"elementor-spacer-inner\"><\/div>\n\t\t<\/div>\n\t\t\t\t\t\t<\/div>\n\t\t\t\t<\/div>\n\t\t\t\t<div class=\"elementor-element elementor-element-435bcc70 elementor-widget elementor-widget-heading\" data-id=\"435bcc70\" data-element_type=\"widget\" data-e-type=\"widget\" data-widget_type=\"heading.default\">\n\t\t\t\t<div class=\"elementor-widget-container\">\n\t\t\t\t\t<h6 class=\"elementor-heading-title elementor-size-default\">Digital Bridge Program<\/h6>\t\t\t\t<\/div>\n\t\t\t\t<\/div>\n\t\t\t\t<div class=\"elementor-element elementor-element-7b115421 elementor-widget elementor-widget-image\" data-id=\"7b115421\" data-element_type=\"widget\" data-e-type=\"widget\" data-widget_type=\"image.default\">\n\t\t\t\t<div class=\"elementor-widget-container\">\n\t\t\t\t\t\t\t\t\t\t\t\t\t\t\t\t<a href=\"https:\/\/hopeforgirls.us\" target=\"_blank\" rel=\"noopener\">\n\t\t\t\t\t\t\t<img fetchpriority=\"high\" decoding=\"async\" width=\"768\" height=\"576\" src=\"https:\/\/diegofmaya.com\/wp-content\/uploads\/2026\/02\/logo-hablamos-tecnologia-v2-768x576.png\" class=\"attachment-medium_large size-medium_large wp-image-3106\" alt=\"logo-hablamos-tecnologia\" srcset=\"https:\/\/diegofmaya.com\/wp-content\/uploads\/2026\/02\/logo-hablamos-tecnologia-v2-768x576.png 768w, https:\/\/diegofmaya.com\/wp-content\/uploads\/2026\/02\/logo-hablamos-tecnologia-v2-300x225.png 300w, https:\/\/diegofmaya.com\/wp-content\/uploads\/2026\/02\/logo-hablamos-tecnologia-v2-1024x768.png 1024w, https:\/\/diegofmaya.com\/wp-content\/uploads\/2026\/02\/logo-hablamos-tecnologia-v2-1536x1152.png 1536w, https:\/\/diegofmaya.com\/wp-content\/uploads\/2026\/02\/logo-hablamos-tecnologia-v2-2048x1536.png 2048w, https:\/\/diegofmaya.com\/wp-content\/uploads\/2026\/02\/logo-hablamos-tecnologia-v2-16x12.png 16w\" sizes=\"(max-width: 768px) 100vw, 768px\" \/>\t\t\t\t\t\t\t\t<\/a>\n\t\t\t\t\t\t\t\t\t\t\t\t\t\t\t<\/div>\n\t\t\t\t<\/div>\n\t\t\t\t<\/div>\n\t\t<div class=\"elementor-element elementor-element-24137bf8 e-flex e-con-boxed e-con e-child\" data-id=\"24137bf8\" data-element_type=\"container\" data-e-type=\"container\">\n\t\t\t\t\t<div class=\"e-con-inner\">\n\t\t\t\t<div class=\"elementor-element elementor-element-42eb318d elementor-widget elementor-widget-image-box\" data-id=\"42eb318d\" data-element_type=\"widget\" data-e-type=\"widget\" data-widget_type=\"image-box.default\">\n\t\t\t\t<div class=\"elementor-widget-container\">\n\t\t\t\t\t<div class=\"elementor-image-box-wrapper\"><div class=\"elementor-image-box-content\"><h4 class=\"elementor-image-box-title\">Descripci\u00f3n:<\/h4><p class=\"elementor-image-box-description\">Iniciativas de Asuntos Latinos de Estados Unidos (USLAI) Iniciativa Global Hablamos Tecnolog\u00eda Programa Puente Digital Descripci\u00f3n Oficial del Programa Resumen El Programa Puente Digital es una iniciativa emblem\u00e1tica de las Iniciativas de Asuntos Latinos de Estados Unidos (USLAI) bajo la Iniciativa Global Hablamos Tecnolog\u00eda. Su misi\u00f3n es ampliar el acceso a computadoras, tecnolog\u00eda y oportunidades de aprendizaje digital para estudiantes y comunidades con recursos tecnol\u00f3gicos limitados. USLAI reconoce que el acceso a la tecnolog\u00eda ya no es opcional. Es esencial para el \u00e9xito acad\u00e9mico, la preparaci\u00f3n laboral y la plena participaci\u00f3n en la sociedad moderna. El Programa Puente Digital existe para cerrar esta brecha proporcionando computadoras reacondicionadas, capacitaci\u00f3n tecnol\u00f3gica y oportunidades de empoderamiento digital.<\/p><\/div><\/div>\t\t\t\t<\/div>\n\t\t\t\t<\/div>\n\t\t<div class=\"elementor-element elementor-element-48e638a0 e-con-full e-flex e-con e-child\" data-id=\"48e638a0\" data-element_type=\"container\" data-e-type=\"container\">\n\t\t\t\t<div class=\"elementor-element elementor-element-3d222db2 elementor-widget elementor-widget-image-box\" data-id=\"3d222db2\" data-element_type=\"widget\" data-e-type=\"widget\" data-widget_type=\"image-box.default\">\n\t\t\t\t<div class=\"elementor-widget-container\">\n\t\t\t\t\t<div class=\"elementor-image-box-wrapper\"><div class=\"elementor-image-box-content\"><h4 class=\"elementor-image-box-title\">Misi\u00f3n<\/h4><p class=\"elementor-image-box-description\">Dotar a estudiantes y comunidades con la tecnolog\u00eda y el acceso digital necesarios para competir, aprender y liderar en la econom\u00eda global del siglo XXI.<br><br>\n\n<b>Actividades principales<\/b><br>\n\nAcceso y distribuci\u00f3n de computadoras<br>\n\u2022 Distribuci\u00f3n a estudiantes, escuelas y organizaciones comunitarias<br>\u2022 Renovaci\u00f3n e implementaci\u00f3n de computadoras de escritorio y port\u00e1tiles<br>\u2022 Distribuci\u00f3n local en todo Nueva Jersey<br>\u2022 Implementaciones internacionales en regiones desatendidas<br>\n<br><b>Educaci\u00f3n y exposici\u00f3n tecnol\u00f3gica<\/b><br>\n\u2022 Talleres comunitarios sobre alfabetizaci\u00f3n digital y tecnolog\u00edas emergentes\n<br>\u2022 Exposici\u00f3n a inteligencia artificial, medios de comunicaci\u00f3n y herramientas tecnol\u00f3gicas para la fuerza laboral\n<br>\u2022 Mentor\u00eda y participaci\u00f3n con estudiantes universitarios y j\u00f3venes l\u00edderes. Liderazgo tecnol\u00f3gico y participaci\u00f3n global<br>\n\n\u2022 Desarrollo de iniciativas tecnol\u00f3gicas lideradas por estudiantes\n<br>\u2022 Colaboraci\u00f3n e intercambio internacional\n<br>\u2022 Concursos tecnol\u00f3gicos y desaf\u00edos de innovaci\u00f3n<br>\n\n<br><b>Impacto<\/b><br>\n\nA trav\u00e9s de este programa, USLAI fortalece la infraestructura educativa, empodera a futuros l\u00edderes y construye v\u00edas para la movilidad econ\u00f3mica. Cada computadora entregada representa acceso al conocimiento, las oportunidades y las herramientas necesarias para el \u00e9xito.\n\n<br><br><b>Liderazgo<\/b><br>\n\n<i>Director del Programa (Voluntario): Nicol\u00e1s Benicio Maya<\/i>\nNicol\u00e1s Benicio Maya\n\n<br><i>Director Ejecutivo: Diego F. Maya<\/i>\nDiego F. Maya<br><br>\n\n<i>Patrocinador Organizacional<\/i><br>\n\nIniciativas de Asuntos Latinos de Estados Unidos (USLAI)<br>\nSede: Trenton, Nueva Jersey\n\n<br>Organizaci\u00f3n sin fines de lucro 501(c)(3) dedicada a ampliar el acceso, las oportunidades y el liderazgo para las comunidades marginadas.<\/p><\/div><\/div>\t\t\t\t<\/div>\n\t\t\t\t<\/div>\n\t\t\t\t<\/div>\n\t\t\t\t\t<\/div>\n\t\t\t\t<\/div>\n\t\t\t\t\t<\/div>\n\t\t\t\t<\/div>\n\t\t\t\t<\/div>\n\t\t\t\t<\/div>","protected":false},"excerpt":{"rendered":"<p>Digital Bridge Program Description: United States Latino Affairs Initiatives (USLAI) Hablamos Tecnolog\u00eda Global Initiative Digital Bridge Program Official Program Description Overview The Digital Bridge Program is a flagship initiative of the United States Latino Affairs Initiatives (USLAI) under the Hablamos Tecnolog\u00eda Global Initiative. Its mission is to expand access to computers, technology, and digital learning [&hellip;]<\/p>","protected":false},"author":1,"featured_media":0,"parent":0,"menu_order":0,"comment_status":"closed","ping_status":"closed","template":"","meta":{"site-sidebar-layout":"no-sidebar","site-content-layout":"page-builder","ast-site-content-layout":"full-width-container","site-content-style":"default","site-sidebar-style":"default","ast-global-header-display":"","ast-banner-title-visibility":"","ast-main-header-display":"","ast-hfb-above-header-display":"","ast-hfb-below-header-display":"","ast-hfb-mobile-header-display":"","site-post-title":"disabled","ast-breadcrumbs-content":"","ast-featured-img":"disabled","footer-sml-layout":"","ast-disable-related-posts":"","theme-transparent-header-meta":"","adv-header-id-meta":"","stick-header-meta":"","header-above-stick-meta":"","header-main-stick-meta":"","header-below-stick-meta":"","astra-migrate-meta-layouts":"set","ast-page-background-enabled":"default","ast-page-background-meta":{"desktop":{"background-color":"var(--ast-global-color-4)","background-image":"","background-repeat":"repeat","background-position":"center center","background-size":"auto","background-attachment":"scroll","background-type":"","background-media":"","overlay-type":"","overlay-color":"","overlay-opacity":"","overlay-gradient":""},"tablet":{"background-color":"","background-image":"","background-repeat":"repeat","background-position":"center center","background-size":"auto","background-attachment":"scroll","background-type":"","background-media":"","overlay-type":"","overlay-color":"","overlay-opacity":"","overlay-gradient":""},"mobile":{"background-color":"","background-image":"","background-repeat":"repeat","background-position":"center center","background-size":"auto","background-attachment":"scroll","background-type":"","background-media":"","overlay-type":"","overlay-color":"","overlay-opacity":"","overlay-gradient":""}},"ast-content-background-meta":{"desktop":{"background-color":"var(--ast-global-color-5)","background-image":"","background-repeat":"repeat","background-position":"center center","background-size":"auto","background-attachment":"scroll","background-type":"","background-media":"","overlay-type":"","overlay-color":"","overlay-opacity":"","overlay-gradient":""},"tablet":{"background-color":"var(--ast-global-color-5)","background-image":"","background-repeat":"repeat","background-position":"center center","background-size":"auto","background-attachment":"scroll","background-type":"","background-media":"","overlay-type":"","overlay-color":"","overlay-opacity":"","overlay-gradient":""},"mobile":{"background-color":"var(--ast-global-color-5)","background-image":"","background-repeat":"repeat","background-position":"center center","background-size":"auto","background-attachment":"scroll","background-type":"","background-media":"","overlay-type":"","overlay-color":"","overlay-opacity":"","overlay-gradient":""}},"footnotes":""},"class_list":["post-3067","page","type-page","status-publish","hentry"],"_links":{"self":[{"href":"https:\/\/diegofmaya.com\/es\/wp-json\/wp\/v2\/pages\/3067","targetHints":{"allow":["GET"]}}],"collection":[{"href":"https:\/\/diegofmaya.com\/es\/wp-json\/wp\/v2\/pages"}],"about":[{"href":"https:\/\/diegofmaya.com\/es\/wp-json\/wp\/v2\/types\/page"}],"author":[{"embeddable":true,"href":"https:\/\/diegofmaya.com\/es\/wp-json\/wp\/v2\/users\/1"}],"replies":[{"embeddable":true,"href":"https:\/\/diegofmaya.com\/es\/wp-json\/wp\/v2\/comments?post=3067"}],"version-history":[{"count":34,"href":"https:\/\/diegofmaya.com\/es\/wp-json\/wp\/v2\/pages\/3067\/revisions"}],"predecessor-version":[{"id":3112,"href":"https:\/\/diegofmaya.com\/es\/wp-json\/wp\/v2\/pages\/3067\/revisions\/3112"}],"wp:attachment":[{"href":"https:\/\/diegofmaya.com\/es\/wp-json\/wp\/v2\/media?parent=3067"}],"curies":[{"name":"wp","href":"https:\/\/api.w.org\/{rel}","templated":true}]}}